{"id":770,"date":"2024-04-20T10:50:36","date_gmt":"2024-04-20T08:50:36","guid":{"rendered":"https:\/\/passionrestaurantgroup.com\/politica-de-cookies\/"},"modified":"2024-06-13T16:55:31","modified_gmt":"2024-06-13T14:55:31","slug":"politica-de-cookies","status":"publish","type":"page","link":"https:\/\/passionrestaurantgroup.com\/es\/politica-de-cookies\/","title":{"rendered":"Pol\u00edtica de cookies"},"content":{"rendered":"<h3>\u00bfQu\u00e9 son las cookies?<\/h3>\n<p>Las cookies son peque\u00f1os archivos de texto que se almacenan en tu dispositivo cuando visitas ciertos sitios web. Ayudan a recordar tus preferencias, facilitan la navegaci\u00f3n por el sitio y recopilan informaci\u00f3n sobre c\u00f3mo interact\u00faas con nuestras p\u00e1ginas.<\/p>\n<h3>\u00bfPor qu\u00e9 usamos cookies?<\/h3>\n<ul>\n<li>Mejorar tu experiencia en nuestro sitio web.<\/li>\n<li>Recordar tus preferencias y personalizar tu visita.<\/li>\n<li>Analizar el tr\u00e1fico del sitio web y mejorar nuestros servicios.<\/li>\n<li>Proporcionar publicidad dirigida.<\/li>\n<\/ul>\n<h3>Tipos de cookies que usamos<\/h3>\n<ul>\n<li><strong>Cookies esenciales:<\/strong> Son necesarias para la funcionalidad b\u00e1sica del sitio, como la navegaci\u00f3n y la seguridad.<\/li>\n<li><strong>Cookies anal\u00edticas:<\/strong> Nos ayudan a entender c\u00f3mo interact\u00faan los usuarios con nuestro sitio web, proporcionando datos sobre vistas de p\u00e1ginas y comportamiento del usuario.<\/li>\n<li><strong>Cookies funcionales:<\/strong> Recuerdan tus preferencias, como el idioma o los detalles de inicio de sesi\u00f3n, para hacer tu experiencia m\u00e1s fluida.<\/li>\n<li><strong>Cookies de publicidad:<\/strong> Se utilizan para dirigir anuncios basados en tu historial de navegaci\u00f3n.<\/li>\n<\/ul>\n<h3>Gesti\u00f3n de cookies<\/h3>\n<p>Puedes gestionar o desactivar las cookies a trav\u00e9s de la configuraci\u00f3n de tu navegador. Ten en cuenta que desactivar ciertas cookies puede afectar la funcionalidad del sitio web. Para obtener m\u00e1s informaci\u00f3n sobre c\u00f3mo gestionar las cookies, consulta la secci\u00f3n de ayuda o configuraci\u00f3n de tu navegador.<\/p>\n<h3>Cambios en esta pol\u00edtica<\/h3>\n<p>Podemos actualizar esta pol\u00edtica de vez en cuando para reflejar cambios en el uso de cookies o en las regulaciones aplicables. Si se realizan cambios significativos, te lo notificaremos a trav\u00e9s de nuestro sitio web u otros canales de comunicaci\u00f3n.<\/p>\n<h3>Informaci\u00f3n de contacto<\/h3>\n<p>Si tienes preguntas o inquietudes sobre nuestro uso de cookies, puedes contactarnos en:<\/p>\n<p>Correo electr\u00f3nico: <a rel=\"noreferrer\">info@passionrestaurantgroup.com<\/a><br \/>\nDirecci\u00f3n: 1000 South Miami Avenue, Miami, Florida 33131<\/p>\n","protected":false},"excerpt":{"rendered":"<p>\u00bfQu\u00e9 son las cookies? Las cookies son peque\u00f1os archivos de texto que se almacenan en tu dispositivo cuando visitas ciertos sitios web. Ayudan a recordar tus preferencias, facilitan la navegaci\u00f3n por el sitio y recopilan informaci\u00f3n sobre c\u00f3mo interact\u00faas con nuestras p\u00e1ginas. \u00bfPor qu\u00e9 usamos cookies? Mejorar tu experiencia en nuestro sitio web. Recordar tus [&hellip;]<\/p>\n","protected":false},"author":3,"featured_media":0,"parent":0,"menu_order":0,"comment_status":"closed","ping_status":"closed","template":"","meta":{"_acf_changed":false,"_monsterinsights_skip_tracking":false,"_monsterinsights_sitenote_active":false,"_monsterinsights_sitenote_note":"","_monsterinsights_sitenote_category":0,"footnotes":""},"class_list":["post-770","page","type-page","status-publish","hentry"],"acf":[],"_links":{"self":[{"href":"https:\/\/passionrestaurantgroup.com\/es\/wp-json\/wp\/v2\/pages\/770","targetHints":{"allow":["GET"]}}],"collection":[{"href":"https:\/\/passionrestaurantgroup.com\/es\/wp-json\/wp\/v2\/pages"}],"about":[{"href":"https:\/\/passionrestaurantgroup.com\/es\/wp-json\/wp\/v2\/types\/page"}],"author":[{"embeddable":true,"href":"https:\/\/passionrestaurantgroup.com\/es\/wp-json\/wp\/v2\/users\/3"}],"replies":[{"embeddable":true,"href":"https:\/\/passionrestaurantgroup.com\/es\/wp-json\/wp\/v2\/comments?post=770"}],"version-history":[{"count":2,"href":"https:\/\/passionrestaurantgroup.com\/es\/wp-json\/wp\/v2\/pages\/770\/revisions"}],"predecessor-version":[{"id":826,"href":"https:\/\/passionrestaurantgroup.com\/es\/wp-json\/wp\/v2\/pages\/770\/revisions\/826"}],"wp:attachment":[{"href":"https:\/\/passionrestaurantgroup.com\/es\/wp-json\/wp\/v2\/media?parent=770"}],"curies":[{"name":"wp","href":"https:\/\/api.w.org\/{rel}","templated":true}]}}